{"id":980,"date":"2023-10-03T15:23:03","date_gmt":"2023-10-03T15:23:03","guid":{"rendered":"https:\/\/123shop.se\/?post_type=product&#038;p=980"},"modified":"2023-10-03T16:22:19","modified_gmt":"2023-10-03T16:22:19","slug":"flakt-med-atervinning-ahr160","status":"publish","type":"product","link":"http:\/\/123shop.se\/en\/product\/flakt-med-atervinning-ahr160\/","title":{"rendered":"Fl\u00e4kt med \u00e5tervinning AHR160"},"content":{"rendered":"<pre id=\"tw-target-text\" class=\"tw-data-text tw-text-large tw-ta\" dir=\"ltr\" data-placeholder=\"Translation\" data-ved=\"2ahUKEwiIpuGspNqBAxUmVPEDHbWaAv4Q3ewLegQIChAQ\"><span class=\"Y2IQFc\" lang=\"sv\"><strong>M\u00e5tt och tekniska detaljer<\/strong>\r\n- 220-240 V ~ 50 Hz\r\n- Enkelrumsventilationssystem f\u00f6r v\u00e4rme\u00e5tervinning\r\n- Husets f\u00e4rg: vit\r\n- Nominell storlek p\u00e5 kanal: 100 mm\r\n- Motoreffekt: 1,5 \/ 2 W\r\n- Luftfl\u00f6de: 35 \/ 50 m\u00b3\/h\r\n- Ljudtrycksniv\u00e5 Lp-3m: 32 \/ 36 dB(A)\r\n- Till\u00e5tet temperaturomr\u00e5de f\u00f6r luft: -20\u00b0C till +40\u00b0C\r\n- Skyddskod: IPX4 st\u00e4nkvattenskydd\r\n- Skyddsklass: II\r\n- Vikt: 1,5 kg\r\n- Frontpanel: 160 x 160 x 25 mm\r\n- Ytterhuva: 190 x 190 x 86 mm\r\n- Teleskopr\u00f6r: \u00d8 103 mm x 335 - 540 mm\r\n- Inkluderar filter\r\n- Inkluderar fj\u00e4rrkontroll: 2 fl\u00e4kthastigheter \/ avst\u00e4ngd\r\n- V\u00e4rme\u00e5tervinningsl\u00e4ge: tv\u00e5 cykler v\u00e4xlar automatiskt var 60:e sekund\r\nCykel I: Varm luft sugs ut fr\u00e5n rummet. Fr\u00e5nluften v\u00e4rmer och d\u00e4mpar v\u00e4rmelagringsk\u00e4rlet.\r\nCykel II: Frisk luft str\u00f6mmar genom v\u00e4rmeackumulatorn och absorberar den lagrade v\u00e4rmen och fuktigheten tills den n\u00e5r rumstemperatur.<\/span><\/pre>","protected":false},"excerpt":{"rendered":"<p>M\u00e5tt och tekniska detaljer &#8211; 220-240 V ~ 50 Hz &#8211; Enkelrumsventilationssystem f\u00f6r v\u00e4rme\u00e5tervinning &#8211; Husets f\u00e4rg: vit &#8211; Nominell storlek p\u00e5 kanal: 100 mm &#8211; Motoreffekt: 1,5 \/ 2 W &#8211; Luftfl\u00f6de: 35 \/ 50 m\u00b3\/h &#8211; Ljudtrycksniv\u00e5 Lp-3m: 32 \/ 36 dB(A) &#8211; Till\u00e5tet temperaturomr\u00e5de f\u00f6r luft: -20\u00b0C till +40\u00b0C &#8211; Skyddskod: IPX4 &hellip;<\/p>\n<p class=\"read-more\"> <a class=\"thunk-readmore button\" href=\"http:\/\/123shop.se\/en\/product\/flakt-med-atervinning-ahr160\/\"> <span class=\"screen-reader-text\">Fl\u00e4kt med \u00e5tervinning AHR160<\/span>L\u00e4s mer<\/a><\/p>","protected":false},"featured_media":981,"comment_status":"open","ping_status":"closed","template":"","meta":[],"product_brand":[],"product_cat":[15],"product_tag":[],"class_list":{"0":"post-980","1":"product","2":"type-product","3":"status-publish","4":"has-post-thumbnail","6":"product_cat-uncategorized","7":"thunk-woo-product-list","8":"opn-qv-enable","9":"top-store-woo-hover-none","10":"top-store-single-product-tab-horizontal","11":"top-store-shadow-","12":"top-store-shadow-hover-","14":"first","15":"onbackorder","16":"shipping-taxable","17":"purchasable","18":"product-type-simple"},"jetpack-related-posts":[],"jetpack_sharing_enabled":true,"_links":{"self":[{"href":"http:\/\/123shop.se\/en\/wp-json\/wp\/v2\/product\/980","targetHints":{"allow":["GET"]}}],"collection":[{"href":"http:\/\/123shop.se\/en\/wp-json\/wp\/v2\/product"}],"about":[{"href":"http:\/\/123shop.se\/en\/wp-json\/wp\/v2\/types\/product"}],"replies":[{"embeddable":true,"href":"http:\/\/123shop.se\/en\/wp-json\/wp\/v2\/comments?post=980"}],"wp:featuredmedia":[{"embeddable":true,"href":"http:\/\/123shop.se\/en\/wp-json\/wp\/v2\/media\/981"}],"wp:attachment":[{"href":"http:\/\/123shop.se\/en\/wp-json\/wp\/v2\/media?parent=980"}],"wp:term":[{"taxonomy":"product_brand","embeddable":true,"href":"http:\/\/123shop.se\/en\/wp-json\/wp\/v2\/product_brand?post=980"},{"taxonomy":"product_cat","embeddable":true,"href":"http:\/\/123shop.se\/en\/wp-json\/wp\/v2\/product_cat?post=980"},{"taxonomy":"product_tag","embeddable":true,"href":"http:\/\/123shop.se\/en\/wp-json\/wp\/v2\/product_tag?post=980"}],"curies":[{"name":"wp","href":"https:\/\/api.w.org\/{rel}","templated":true}]}}