{"id":311,"date":"2022-10-01T09:47:51","date_gmt":"2022-10-01T09:47:51","guid":{"rendered":"https:\/\/123shop.se\/?post_type=product&#038;p=311"},"modified":"2022-10-01T09:48:08","modified_gmt":"2022-10-01T09:48:08","slug":"tt-kopplingset-kopplingsset-klamring-16-mm-g20","status":"publish","type":"product","link":"http:\/\/123shop.se\/hr\/product\/tt-kopplingset-kopplingsset-klamring-16-mm-g20\/","title":{"rendered":"TT kopplingset Kopplingsset kl\u00e4mring 16 mm-G20"},"content":{"rendered":"<p class=\"intro\">Kopplingsset f\u00f6r att ansluta Thermotechs PE-RT och AluComposite-r\u00f6r till f\u00f6rdelare och r\u00f6rdelar<\/p>\n<p class=\"pr-numbers\">Art. nr. 76216<\/p>\n<p class=\"pr-numbers\">RSK nr. 187 80 88<\/p>","protected":false},"excerpt":{"rendered":"<p>Kopplingsset f\u00f6r att ansluta Thermotechs PE-RT och AluComposite-r\u00f6r till f\u00f6rdelare och r\u00f6rdelar Art. nr. 76216 RSK nr. 187 80 88<\/p>","protected":false},"featured_media":293,"comment_status":"open","ping_status":"closed","template":"","meta":[],"product_brand":[],"product_cat":[54],"product_tag":[],"class_list":{"0":"post-311","1":"product","2":"type-product","3":"status-publish","4":"has-post-thumbnail","6":"product_cat-kopplingsset-g20","7":"thunk-woo-product-list","8":"opn-qv-enable","9":"top-store-woo-hover-none","10":"top-store-single-product-tab-horizontal","11":"top-store-shadow-","12":"top-store-shadow-hover-","14":"first","15":"onbackorder","16":"shipping-taxable","17":"product-type-simple"},"jetpack-related-posts":[],"jetpack_sharing_enabled":true,"_links":{"self":[{"href":"http:\/\/123shop.se\/hr\/wp-json\/wp\/v2\/product\/311","targetHints":{"allow":["GET"]}}],"collection":[{"href":"http:\/\/123shop.se\/hr\/wp-json\/wp\/v2\/product"}],"about":[{"href":"http:\/\/123shop.se\/hr\/wp-json\/wp\/v2\/types\/product"}],"replies":[{"embeddable":true,"href":"http:\/\/123shop.se\/hr\/wp-json\/wp\/v2\/comments?post=311"}],"wp:featuredmedia":[{"embeddable":true,"href":"http:\/\/123shop.se\/hr\/wp-json\/wp\/v2\/media\/293"}],"wp:attachment":[{"href":"http:\/\/123shop.se\/hr\/wp-json\/wp\/v2\/media?parent=311"}],"wp:term":[{"taxonomy":"product_brand","embeddable":true,"href":"http:\/\/123shop.se\/hr\/wp-json\/wp\/v2\/product_brand?post=311"},{"taxonomy":"product_cat","embeddable":true,"href":"http:\/\/123shop.se\/hr\/wp-json\/wp\/v2\/product_cat?post=311"},{"taxonomy":"product_tag","embeddable":true,"href":"http:\/\/123shop.se\/hr\/wp-json\/wp\/v2\/product_tag?post=311"}],"curies":[{"name":"wp","href":"https:\/\/api.w.org\/{rel}","templated":true}]}}