{"id":549,"date":"2022-10-01T17:08:05","date_gmt":"2022-10-01T17:08:05","guid":{"rendered":"https:\/\/123shop.se\/?post_type=product&#038;p=549"},"modified":"2022-10-01T17:08:30","modified_gmt":"2022-10-01T17:08:30","slug":"tt-skap-rorfixtur-ms-gv-840","status":"publish","type":"product","link":"http:\/\/123shop.se\/hr\/product\/tt-skap-rorfixtur-ms-gv-840\/","title":{"rendered":"TT Sk\u00e5p R\u00f6rfixtur MS\/GV 840"},"content":{"rendered":"<p class=\"intro\">Fixtur som s\u00e4kerst\u00e4ller ett vinkelr\u00e4tt montage av r\u00f6r under sk\u00e5p med 840 mm bredd<\/p>\n<p class=\"pr-numbers\">Art. nr. 62544<\/p>\n<p class=\"pr-numbers\">RSK nr. 205 49 95<\/p>","protected":false},"excerpt":{"rendered":"<p>Fixtur som s\u00e4kerst\u00e4ller ett vinkelr\u00e4tt montage av r\u00f6r under sk\u00e5p med 840 mm bredd Art. nr. 62544 RSK nr. 205 49 95<\/p>","protected":false},"featured_media":459,"comment_status":"open","ping_status":"closed","template":"","meta":[],"product_brand":[],"product_cat":[73],"product_tag":[],"class_list":{"0":"post-549","1":"product","2":"type-product","3":"status-publish","4":"has-post-thumbnail","6":"product_cat-stativ-och-fixturer","7":"thunk-woo-product-list","8":"opn-qv-enable","9":"top-store-woo-hover-none","10":"top-store-single-product-tab-horizontal","11":"top-store-shadow-","12":"top-store-shadow-hover-","14":"first","15":"onbackorder","16":"shipping-taxable","17":"product-type-simple"},"jetpack-related-posts":[],"jetpack_sharing_enabled":true,"_links":{"self":[{"href":"http:\/\/123shop.se\/hr\/wp-json\/wp\/v2\/product\/549","targetHints":{"allow":["GET"]}}],"collection":[{"href":"http:\/\/123shop.se\/hr\/wp-json\/wp\/v2\/product"}],"about":[{"href":"http:\/\/123shop.se\/hr\/wp-json\/wp\/v2\/types\/product"}],"replies":[{"embeddable":true,"href":"http:\/\/123shop.se\/hr\/wp-json\/wp\/v2\/comments?post=549"}],"wp:featuredmedia":[{"embeddable":true,"href":"http:\/\/123shop.se\/hr\/wp-json\/wp\/v2\/media\/459"}],"wp:attachment":[{"href":"http:\/\/123shop.se\/hr\/wp-json\/wp\/v2\/media?parent=549"}],"wp:term":[{"taxonomy":"product_brand","embeddable":true,"href":"http:\/\/123shop.se\/hr\/wp-json\/wp\/v2\/product_brand?post=549"},{"taxonomy":"product_cat","embeddable":true,"href":"http:\/\/123shop.se\/hr\/wp-json\/wp\/v2\/product_cat?post=549"},{"taxonomy":"product_tag","embeddable":true,"href":"http:\/\/123shop.se\/hr\/wp-json\/wp\/v2\/product_tag?post=549"}],"curies":[{"name":"wp","href":"https:\/\/api.w.org\/{rel}","templated":true}]}}