{"id":834,"date":"2022-10-02T10:38:48","date_gmt":"2022-10-02T10:38:48","guid":{"rendered":"https:\/\/123shop.se\/?post_type=product&#038;p=834"},"modified":"2022-10-02T10:39:10","modified_gmt":"2022-10-02T10:39:10","slug":"tt-rumsreglering-sjalvverkande-termostat-luft-m30-x-15-kapillarror-2","status":"publish","type":"product","link":"http:\/\/123shop.se\/hr\/product\/tt-rumsreglering-sjalvverkande-termostat-luft-m30-x-15-kapillarror-2\/","title":{"rendered":"TT rumsreglering Sj\u00e4lvverkande termostat luft M30 x 1,5 kapill\u00e4rr\u00f6r"},"content":{"rendered":"<p class=\"intro\">Termostatvred f\u00f6r montage p\u00e5 termostatventil med k\u00e4nselkropp f\u00f6r montage p\u00e5 v\u00e4ggen<\/p>\n<p class=\"pr-numbers\">Art. nr. 51908<\/p>\n<p class=\"pr-numbers\">RSK nr. 271 69 85<\/p>","protected":false},"excerpt":{"rendered":"<p>Termostatvred f\u00f6r montage p\u00e5 termostatventil med k\u00e4nselkropp f\u00f6r montage p\u00e5 v\u00e4ggen Art. nr. 51908 RSK nr. 271 69 85<\/p>","protected":false},"featured_media":824,"comment_status":"open","ping_status":"closed","template":"","meta":[],"product_brand":[],"product_cat":[108],"product_tag":[],"class_list":{"0":"post-834","1":"product","2":"type-product","3":"status-publish","4":"has-post-thumbnail","6":"product_cat-sjalvverkande-termostater","7":"thunk-woo-product-list","8":"opn-qv-enable","9":"top-store-woo-hover-none","10":"top-store-single-product-tab-horizontal","11":"top-store-shadow-","12":"top-store-shadow-hover-","14":"first","15":"onbackorder","16":"shipping-taxable","17":"product-type-simple"},"jetpack-related-posts":[],"jetpack_sharing_enabled":true,"_links":{"self":[{"href":"http:\/\/123shop.se\/hr\/wp-json\/wp\/v2\/product\/834","targetHints":{"allow":["GET"]}}],"collection":[{"href":"http:\/\/123shop.se\/hr\/wp-json\/wp\/v2\/product"}],"about":[{"href":"http:\/\/123shop.se\/hr\/wp-json\/wp\/v2\/types\/product"}],"replies":[{"embeddable":true,"href":"http:\/\/123shop.se\/hr\/wp-json\/wp\/v2\/comments?post=834"}],"wp:featuredmedia":[{"embeddable":true,"href":"http:\/\/123shop.se\/hr\/wp-json\/wp\/v2\/media\/824"}],"wp:attachment":[{"href":"http:\/\/123shop.se\/hr\/wp-json\/wp\/v2\/media?parent=834"}],"wp:term":[{"taxonomy":"product_brand","embeddable":true,"href":"http:\/\/123shop.se\/hr\/wp-json\/wp\/v2\/product_brand?post=834"},{"taxonomy":"product_cat","embeddable":true,"href":"http:\/\/123shop.se\/hr\/wp-json\/wp\/v2\/product_cat?post=834"},{"taxonomy":"product_tag","embeddable":true,"href":"http:\/\/123shop.se\/hr\/wp-json\/wp\/v2\/product_tag?post=834"}],"curies":[{"name":"wp","href":"https:\/\/api.w.org\/{rel}","templated":true}]}}