{"id":835,"date":"2022-10-02T10:39:24","date_gmt":"2022-10-02T10:39:24","guid":{"rendered":"https:\/\/123shop.se\/?post_type=product&#038;p=835"},"modified":"2024-02-18T08:06:15","modified_gmt":"2024-02-18T08:06:15","slug":"tt-rumsreglering-anliggningsskena","status":"publish","type":"product","link":"http:\/\/123shop.se\/hr\/product\/tt-rumsreglering-anliggningsskena\/","title":{"rendered":"TT rumsreglering Anliggningsskena"},"content":{"rendered":"<p class=\"intro\">F\u00f6r montage av k\u00e4nselkropp mot f\u00f6rdelarstav<\/p>\n<p class=\"pr-numbers\">Art. nr. 51923<\/p>\n<p class=\"pr-numbers\">RSK nr. 271 74 49<\/p>","protected":false},"excerpt":{"rendered":"<p>F\u00f6r montage av k\u00e4nselkropp mot f\u00f6rdelarstav Art. nr. 51923 RSK nr. 271 74 49<\/p>","protected":false},"featured_media":827,"comment_status":"open","ping_status":"closed","template":"","meta":[],"product_brand":[],"product_cat":[108],"product_tag":[],"class_list":{"0":"post-835","1":"product","2":"type-product","3":"status-publish","4":"has-post-thumbnail","6":"product_cat-sjalvverkande-termostater","7":"thunk-woo-product-list","8":"opn-qv-enable","9":"top-store-woo-hover-none","10":"top-store-single-product-tab-horizontal","11":"top-store-shadow-","12":"top-store-shadow-hover-","14":"first","15":"onbackorder","16":"shipping-taxable","17":"product-type-simple"},"jetpack-related-posts":[],"jetpack_sharing_enabled":true,"_links":{"self":[{"href":"http:\/\/123shop.se\/hr\/wp-json\/wp\/v2\/product\/835","targetHints":{"allow":["GET"]}}],"collection":[{"href":"http:\/\/123shop.se\/hr\/wp-json\/wp\/v2\/product"}],"about":[{"href":"http:\/\/123shop.se\/hr\/wp-json\/wp\/v2\/types\/product"}],"replies":[{"embeddable":true,"href":"http:\/\/123shop.se\/hr\/wp-json\/wp\/v2\/comments?post=835"}],"wp:featuredmedia":[{"embeddable":true,"href":"http:\/\/123shop.se\/hr\/wp-json\/wp\/v2\/media\/827"}],"wp:attachment":[{"href":"http:\/\/123shop.se\/hr\/wp-json\/wp\/v2\/media?parent=835"}],"wp:term":[{"taxonomy":"product_brand","embeddable":true,"href":"http:\/\/123shop.se\/hr\/wp-json\/wp\/v2\/product_brand?post=835"},{"taxonomy":"product_cat","embeddable":true,"href":"http:\/\/123shop.se\/hr\/wp-json\/wp\/v2\/product_cat?post=835"},{"taxonomy":"product_tag","embeddable":true,"href":"http:\/\/123shop.se\/hr\/wp-json\/wp\/v2\/product_tag?post=835"}],"curies":[{"name":"wp","href":"https:\/\/api.w.org\/{rel}","templated":true}]}}