{"id":315,"date":"2022-10-01T09:50:05","date_gmt":"2022-10-01T09:50:05","guid":{"rendered":"https:\/\/123shop.se\/?post_type=product&#038;p=315"},"modified":"2022-10-01T09:50:49","modified_gmt":"2022-10-01T09:50:49","slug":"tt-kopplingset-kopplingsset-klamring-26-mm-g20","status":"publish","type":"product","link":"http:\/\/123shop.se\/sl\/product\/tt-kopplingset-kopplingsset-klamring-26-mm-g20\/","title":{"rendered":"TT kopplingset Kopplingsset kl\u00e4mring 26 mm-G20"},"content":{"rendered":"<p class=\"intro\">Kopplingsset med f\u00f6rminskning f\u00f6r matning till v\u00e4rme- och kylsystem.<\/p>\n<p class=\"pr-numbers\">Art. nr. 76226-20<\/p>\n<p class=\"pr-numbers\">RSK nr. 271 73 00<\/p>","protected":false},"excerpt":{"rendered":"<p>Kopplingsset med f\u00f6rminskning f\u00f6r matning till v\u00e4rme- och kylsystem. Art. nr. 76226-20 RSK nr. 271 73 00<\/p>","protected":false},"featured_media":316,"comment_status":"open","ping_status":"closed","template":"","meta":[],"product_brand":[],"product_cat":[54],"product_tag":[],"class_list":{"0":"post-315","1":"product","2":"type-product","3":"status-publish","4":"has-post-thumbnail","6":"product_cat-kopplingsset-g20","7":"thunk-woo-product-list","8":"opn-qv-enable","9":"top-store-woo-hover-none","10":"top-store-single-product-tab-horizontal","11":"top-store-shadow-","12":"top-store-shadow-hover-","14":"first","15":"onbackorder","16":"shipping-taxable","17":"product-type-simple"},"jetpack-related-posts":[],"jetpack_sharing_enabled":true,"_links":{"self":[{"href":"http:\/\/123shop.se\/sl\/wp-json\/wp\/v2\/product\/315","targetHints":{"allow":["GET"]}}],"collection":[{"href":"http:\/\/123shop.se\/sl\/wp-json\/wp\/v2\/product"}],"about":[{"href":"http:\/\/123shop.se\/sl\/wp-json\/wp\/v2\/types\/product"}],"replies":[{"embeddable":true,"href":"http:\/\/123shop.se\/sl\/wp-json\/wp\/v2\/comments?post=315"}],"wp:featuredmedia":[{"embeddable":true,"href":"http:\/\/123shop.se\/sl\/wp-json\/wp\/v2\/media\/316"}],"wp:attachment":[{"href":"http:\/\/123shop.se\/sl\/wp-json\/wp\/v2\/media?parent=315"}],"wp:term":[{"taxonomy":"product_brand","embeddable":true,"href":"http:\/\/123shop.se\/sl\/wp-json\/wp\/v2\/product_brand?post=315"},{"taxonomy":"product_cat","embeddable":true,"href":"http:\/\/123shop.se\/sl\/wp-json\/wp\/v2\/product_cat?post=315"},{"taxonomy":"product_tag","embeddable":true,"href":"http:\/\/123shop.se\/sl\/wp-json\/wp\/v2\/product_tag?post=315"}],"curies":[{"name":"wp","href":"https:\/\/api.w.org\/{rel}","templated":true}]}}