{"id":493,"date":"2022-10-01T14:23:38","date_gmt":"2022-10-01T14:23:38","guid":{"rendered":"https:\/\/123shop.se\/?post_type=product&#038;p=493"},"modified":"2022-10-01T14:24:12","modified_gmt":"2022-10-01T14:24:12","slug":"tt-skap-fordelarskap-390-mm","status":"publish","type":"product","link":"http:\/\/123shop.se\/sl\/product\/tt-skap-fordelarskap-390-mm\/","title":{"rendered":"TT Sk\u00e5p F\u00f6rdelarsk\u00e5p 390 mm"},"content":{"rendered":"<p class=\"intro\">Sk\u00e5pstomme 390 x 710 mm f\u00f6r 2-3 slingor<\/p>\n<p class=\"pr-numbers\">Art. nr. 62751<\/p>\n<p class=\"pr-numbers\">RSK nr. 271 71 87<\/p>","protected":false},"excerpt":{"rendered":"<p>Sk\u00e5pstomme 390 x 710 mm f\u00f6r 2-3 slingor Art. nr. 62751 RSK nr. 271 71 87<\/p>","protected":false},"featured_media":486,"comment_status":"open","ping_status":"closed","template":"","meta":[],"product_brand":[],"product_cat":[75],"product_tag":[],"class_list":{"0":"post-493","1":"product","2":"type-product","3":"status-publish","4":"has-post-thumbnail","6":"product_cat-skap-fordelare-och-shuntar","7":"thunk-woo-product-list","8":"opn-qv-enable","9":"top-store-woo-hover-none","10":"top-store-single-product-tab-horizontal","11":"top-store-shadow-","12":"top-store-shadow-hover-","14":"first","15":"onbackorder","16":"shipping-taxable","17":"product-type-simple"},"jetpack-related-posts":[],"jetpack_sharing_enabled":true,"_links":{"self":[{"href":"http:\/\/123shop.se\/sl\/wp-json\/wp\/v2\/product\/493","targetHints":{"allow":["GET"]}}],"collection":[{"href":"http:\/\/123shop.se\/sl\/wp-json\/wp\/v2\/product"}],"about":[{"href":"http:\/\/123shop.se\/sl\/wp-json\/wp\/v2\/types\/product"}],"replies":[{"embeddable":true,"href":"http:\/\/123shop.se\/sl\/wp-json\/wp\/v2\/comments?post=493"}],"wp:featuredmedia":[{"embeddable":true,"href":"http:\/\/123shop.se\/sl\/wp-json\/wp\/v2\/media\/486"}],"wp:attachment":[{"href":"http:\/\/123shop.se\/sl\/wp-json\/wp\/v2\/media?parent=493"}],"wp:term":[{"taxonomy":"product_brand","embeddable":true,"href":"http:\/\/123shop.se\/sl\/wp-json\/wp\/v2\/product_brand?post=493"},{"taxonomy":"product_cat","embeddable":true,"href":"http:\/\/123shop.se\/sl\/wp-json\/wp\/v2\/product_cat?post=493"},{"taxonomy":"product_tag","embeddable":true,"href":"http:\/\/123shop.se\/sl\/wp-json\/wp\/v2\/product_tag?post=493"}],"curies":[{"name":"wp","href":"https:\/\/api.w.org\/{rel}","templated":true}]}}