{"id":978,"date":"2023-10-03T15:19:11","date_gmt":"2023-10-03T15:19:11","guid":{"rendered":"https:\/\/123shop.se\/?post_type=product&#038;p=978"},"modified":"2023-10-03T16:25:12","modified_gmt":"2023-10-03T16:25:12","slug":"lokalni-rekuperator-hrv100p","status":"publish","type":"product","link":"http:\/\/123shop.se\/sl\/product\/lokalni-rekuperator-hrv100p\/","title":{"rendered":"Lokalni rekuperator z daljinskim upravljanjem HRV100P"},"content":{"rendered":"<p><span class=\"Y2IQFc\" lang=\"sv\"><strong>M\u00e5tt och tekniska detaljer<\/strong> <\/span><\/p>\n<ul>\n<li><span class=\"Y2IQFc\" lang=\"sv\">220-240 V ~ 50 Hz <\/span><\/li>\n<li><span class=\"Y2IQFc\" lang=\"sv\">Enkelrumsventilationssystem f\u00f6r v\u00e4rme\u00e5tervinning <\/span><\/li>\n<li><span class=\"Y2IQFc\" lang=\"sv\">Husets f\u00e4rg: vit &#8211; Nominell storlek p\u00e5 kanal: 100 mm <\/span><\/li>\n<li><span class=\"Y2IQFc\" lang=\"sv\">Motoreffekt: 1,5 \/ 2 W <\/span><\/li>\n<li><span class=\"Y2IQFc\" lang=\"sv\">Luftfl\u00f6de: 35 \/ 50 m\u00b3\/h <\/span><\/li>\n<li><span class=\"Y2IQFc\" lang=\"sv\">Ljudtrycksniv\u00e5 Lp-3m: 32 \/ 36 dB(A) <\/span><\/li>\n<li><span class=\"Y2IQFc\" lang=\"sv\">Till\u00e5tet temperaturomr\u00e5de f\u00f6r luft: -20\u00b0C till +40\u00b0C &#8211; Skyddskod: IPX4 st\u00e4nkvattenskydd <\/span><\/li>\n<li><span class=\"Y2IQFc\" lang=\"sv\">Skyddsklass: II <\/span><\/li>\n<li><span class=\"Y2IQFc\" lang=\"sv\">Vikt: 1,5 kg <\/span><\/li>\n<li><span class=\"Y2IQFc\" lang=\"sv\">Frontpanel: 160 x 160 x 25 mm <\/span><\/li>\n<li><span class=\"Y2IQFc\" lang=\"sv\">Ytterhuva: 190 x 190 x 86 mm <\/span><\/li>\n<li><span class=\"Y2IQFc\" lang=\"sv\">Teleskopr\u00f6r: \u00d8 103 mm x 335 &#8211; 540 mm <\/span><\/li>\n<li><span class=\"Y2IQFc\" lang=\"sv\">Inkluderar filter <\/span><\/li>\n<li><span class=\"Y2IQFc\" lang=\"sv\">Inkluderar fj\u00e4rrkontroll: 2 fl\u00e4kthastigheter \/ avst\u00e4ngd <\/span><\/li>\n<li><span class=\"Y2IQFc\" lang=\"sv\">V\u00e4rme\u00e5tervinningsl\u00e4ge: tv\u00e5 cykler v\u00e4xlar automatiskt var 60:e sekund <\/span><\/li>\n<\/ul>\n<p><span class=\"Y2IQFc\" lang=\"sv\">Cykel I: Varm luft sugs ut fr\u00e5n rummet. Fr\u00e5nluften v\u00e4rmer och d\u00e4mpar v\u00e4rmelagringsk\u00e4rlet. <\/span><\/p>\n<p><span class=\"Y2IQFc\" lang=\"sv\">Cykel II: Frisk luft str\u00f6mmar genom v\u00e4rmeackumulatorn och absorberar den lagrade v\u00e4rmen och fuktigheten tills den n\u00e5r rumstemperatur.<\/span><\/p>","protected":false},"excerpt":{"rendered":"<p>M\u00e5tt och tekniska detaljer 220-240 V ~ 50 Hz Enkelrumsventilationssystem f\u00f6r v\u00e4rme\u00e5tervinning Husets f\u00e4rg: vit &#8211; Nominell storlek p\u00e5 kanal: 100 mm Motoreffekt: 1,5 \/ 2 W Luftfl\u00f6de: 35 \/ 50 m\u00b3\/h Ljudtrycksniv\u00e5 Lp-3m: 32 \/ 36 dB(A) Till\u00e5tet temperaturomr\u00e5de f\u00f6r luft: -20\u00b0C till +40\u00b0C &#8211; Skyddskod: IPX4 st\u00e4nkvattenskydd Skyddsklass: II Vikt: 1,5 kg Frontpanel: &hellip;<\/p>\n<p class=\"read-more\"> <a class=\"thunk-readmore button\" href=\"http:\/\/123shop.se\/sl\/product\/lokalni-rekuperator-hrv100p\/\"> <span class=\"screen-reader-text\">Lokalni rekuperator z daljinskim upravljanjem HRV100P<\/span>L\u00e4s mer<\/a><\/p>","protected":false},"featured_media":979,"comment_status":"open","ping_status":"closed","template":"","meta":[],"product_brand":[],"product_cat":[15],"product_tag":[],"class_list":{"0":"post-978","1":"product","2":"type-product","3":"status-publish","4":"has-post-thumbnail","6":"product_cat-uncategorized","7":"thunk-woo-product-list","8":"opn-qv-enable","9":"top-store-woo-hover-none","10":"top-store-single-product-tab-horizontal","11":"top-store-shadow-","12":"top-store-shadow-hover-","14":"first","15":"onbackorder","16":"shipping-taxable","17":"purchasable","18":"product-type-simple"},"jetpack-related-posts":[],"jetpack_sharing_enabled":true,"_links":{"self":[{"href":"http:\/\/123shop.se\/sl\/wp-json\/wp\/v2\/product\/978","targetHints":{"allow":["GET"]}}],"collection":[{"href":"http:\/\/123shop.se\/sl\/wp-json\/wp\/v2\/product"}],"about":[{"href":"http:\/\/123shop.se\/sl\/wp-json\/wp\/v2\/types\/product"}],"replies":[{"embeddable":true,"href":"http:\/\/123shop.se\/sl\/wp-json\/wp\/v2\/comments?post=978"}],"wp:featuredmedia":[{"embeddable":true,"href":"http:\/\/123shop.se\/sl\/wp-json\/wp\/v2\/media\/979"}],"wp:attachment":[{"href":"http:\/\/123shop.se\/sl\/wp-json\/wp\/v2\/media?parent=978"}],"wp:term":[{"taxonomy":"product_brand","embeddable":true,"href":"http:\/\/123shop.se\/sl\/wp-json\/wp\/v2\/product_brand?post=978"},{"taxonomy":"product_cat","embeddable":true,"href":"http:\/\/123shop.se\/sl\/wp-json\/wp\/v2\/product_cat?post=978"},{"taxonomy":"product_tag","embeddable":true,"href":"http:\/\/123shop.se\/sl\/wp-json\/wp\/v2\/product_tag?post=978"}],"curies":[{"name":"wp","href":"https:\/\/api.w.org\/{rel}","templated":true}]}}